{"id":1026,"date":"2019-03-18T08:33:54","date_gmt":"2019-03-18T08:33:54","guid":{"rendered":"http:\/\/localhost\/consultax\/?page_id=1026"},"modified":"2021-10-25T15:52:41","modified_gmt":"2021-10-25T12:52:41","slug":"kurumsal","status":"publish","type":"page","link":"https:\/\/tunagrup.com.tr\/sigorta\/kurumsal\/","title":{"rendered":"Kurumsal"},"content":{"rendered":"<p>[vc_row el_class=&#8221;section-padd&#8221;][vc_column]\n    <div class=\"section-head \">\n                <h2 class=\"section-title\">Hakk\u0131m\u0131zda<\/h2>\n            <\/div>\n\n[vc_row_inner css=&#8221;.vc_custom_1635166357057{margin-top: 20px !important;}&#8221;][vc_column_inner width=&#8221;1\/2&#8243;][vc_column_text css=&#8221;.vc_custom_1623849375049{margin-bottom: 30px !important;}&#8221;]\u015eirketimiz 2007 y\u0131l\u0131nda Konya&#8217;da kuruldu. Kuruldu\u011fu y\u0131ldan bu yana sigorta arac\u0131l\u0131k hizmetleri ve ara\u00e7 kiralama faaliyeti y\u00fcr\u00fctmektedir. Yapt\u0131\u011f\u0131m\u0131z her iki i\u015fide tek i\u015fimizi gibi g\u00f6rd\u00fck ve m\u00fc\u015fteri memnuniyeti odakl\u0131 \u00e7al\u0131\u015fma prensbimizden hi\u00e7 vazge\u00e7medik. Alan\u0131n\u0131nda uzman kadromuzla sekt\u00f6rdeki yenilikleri ve geli\u015fmeleri yak\u0131ndan takip ederek m\u00fc\u015fteri memnuniyeti odakl\u0131 \u00e7al\u0131\u015f\u0131yoruz.<\/p>\n<p>\u00dclkemizin \u00f6nde gelen Sigorta \u015eirketlerinin acentesi olan kurulu\u015fumuz, 2007 y\u0131l\u0131ndan itibaren sekt\u00f6rde faliyet g\u00f6steren kadrosu ile sigortal\u0131lar\u0131m\u0131za t\u00fcm<br \/>\nsigorta t\u00fcrlerinde hizmet vermektedir.<\/p>\n<p>Risklerin tespit edilerek en uygun teminatlar\u0131n sa\u011flanmas\u0131nda, g\u00fcvene dayal\u0131 bir i\u015fbirli\u011fi sayesinde sigortal\u0131lar\u0131n hasar riskleri en aza indirilmekte ve ma\u011fduriyetleri \u00f6nlenmektedir.<\/p>\n<p>\u201cEn de\u011ferli varl\u0131\u011f\u0131m\u0131z\u0131n sigortal\u0131lar\u0131m\u0131z oldu\u011fu bilinciyle, sizleri i\u015fbirli\u011fine davet ediyoruz\u201d[\/vc_column_text][\/vc_column_inner][vc_column_inner width=&#8221;1\/2&#8243;][vc_video link=&#8221;https:\/\/www.youtube.com\/watch?v=fbadbE95TLw&#8221;][\/vc_column_inner][\/vc_row_inner][\/vc_column][\/vc_row][vc_row full_width=&#8221;stretch_row_content_no_spaces&#8221; css=&#8221;.vc_custom_1552904105275{padding-top: 0px !important;padding-right: 0px !important;padding-bottom: 0px !important;padding-left: 0px !important;}&#8221;][vc_column width=&#8221;1\/6&#8243;][\/vc_column][vc_column width=&#8221;2\/3&#8243;]\n    <div class=\"image-carousel \" data-show=\"1\" data-arrow=\"true\">\n                <div>\n            <div class=\"img-item\">\n                <img width=\"1169\" height=\"500\" src=\"https:\/\/tunagrup.com.tr\/sigorta\/wp-content\/uploads\/2021\/06\/tuna-grup-kurumsal.jpg\" class=\"attachment-full size-full\" alt=\"\" loading=\"lazy\" srcset=\"https:\/\/tunagrup.com.tr\/sigorta\/wp-content\/uploads\/2021\/06\/tuna-grup-kurumsal.jpg 1169w, https:\/\/tunagrup.com.tr\/sigorta\/wp-content\/uploads\/2021\/06\/tuna-grup-kurumsal-300x128.jpg 300w, https:\/\/tunagrup.com.tr\/sigorta\/wp-content\/uploads\/2021\/06\/tuna-grup-kurumsal-1024x438.jpg 1024w, https:\/\/tunagrup.com.tr\/sigorta\/wp-content\/uploads\/2021\/06\/tuna-grup-kurumsal-768x328.jpg 768w\" sizes=\"(max-width: 1169px) 100vw, 1169px\" \/>            <\/div>\n        <\/div>\n                <div>\n            <div class=\"img-item\">\n                <img width=\"1169\" height=\"500\" src=\"https:\/\/tunagrup.com.tr\/sigorta\/wp-content\/uploads\/2021\/04\/tuna-grup-sigorta-slide-6.jpg\" class=\"attachment-full size-full\" alt=\"\" loading=\"lazy\" srcset=\"https:\/\/tunagrup.com.tr\/sigorta\/wp-content\/uploads\/2021\/04\/tuna-grup-sigorta-slide-6.jpg 1169w, https:\/\/tunagrup.com.tr\/sigorta\/wp-content\/uploads\/2021\/04\/tuna-grup-sigorta-slide-6-300x128.jpg 300w, https:\/\/tunagrup.com.tr\/sigorta\/wp-content\/uploads\/2021\/04\/tuna-grup-sigorta-slide-6-1024x438.jpg 1024w, https:\/\/tunagrup.com.tr\/sigorta\/wp-content\/uploads\/2021\/04\/tuna-grup-sigorta-slide-6-768x328.jpg 768w\" sizes=\"(max-width: 1169px) 100vw, 1169px\" \/>            <\/div>\n        <\/div>\n                <div>\n            <div class=\"img-item\">\n                <img width=\"1169\" height=\"500\" src=\"https:\/\/tunagrup.com.tr\/sigorta\/wp-content\/uploads\/2021\/04\/tuna-grup-sigorta-slide-9.jpg\" class=\"attachment-full size-full\" alt=\"\" loading=\"lazy\" srcset=\"https:\/\/tunagrup.com.tr\/sigorta\/wp-content\/uploads\/2021\/04\/tuna-grup-sigorta-slide-9.jpg 1169w, https:\/\/tunagrup.com.tr\/sigorta\/wp-content\/uploads\/2021\/04\/tuna-grup-sigorta-slide-9-300x128.jpg 300w, https:\/\/tunagrup.com.tr\/sigorta\/wp-content\/uploads\/2021\/04\/tuna-grup-sigorta-slide-9-1024x438.jpg 1024w, https:\/\/tunagrup.com.tr\/sigorta\/wp-content\/uploads\/2021\/04\/tuna-grup-sigorta-slide-9-768x328.jpg 768w\" sizes=\"(max-width: 1169px) 100vw, 1169px\" \/>            <\/div>\n        <\/div>\n                <div>\n            <div class=\"img-item\">\n                <img width=\"1169\" height=\"500\" src=\"https:\/\/tunagrup.com.tr\/sigorta\/wp-content\/uploads\/2019\/03\/about1.jpg\" class=\"attachment-full size-full\" alt=\"\" loading=\"lazy\" srcset=\"https:\/\/tunagrup.com.tr\/sigorta\/wp-content\/uploads\/2019\/03\/about1.jpg 1169w, https:\/\/tunagrup.com.tr\/sigorta\/wp-content\/uploads\/2019\/03\/about1-300x128.jpg 300w, https:\/\/tunagrup.com.tr\/sigorta\/wp-content\/uploads\/2019\/03\/about1-1024x438.jpg 1024w, https:\/\/tunagrup.com.tr\/sigorta\/wp-content\/uploads\/2019\/03\/about1-768x328.jpg 768w, https:\/\/tunagrup.com.tr\/sigorta\/wp-content\/uploads\/2019\/03\/about1-600x257.jpg 600w\" sizes=\"(max-width: 1169px) 100vw, 1169px\" \/>            <\/div>\n        <\/div>\n            <\/div>\n\n    [vc_empty_space][\/vc_column][vc_column width=&#8221;1\/6&#8243;][\/vc_column][\/vc_row]<\/p>\n","protected":false},"excerpt":{"rendered":"<p>[vc_row el_class=&#8221;section-padd&#8221;][vc_column][vc_row_inner css=&#8221;.vc_custom_1635166357057{margin-top: 20px !important;}&#8221;][vc_column_inner width=&#8221;1\/2&#8243;][vc_column_text css=&#8221;.vc_custom_1623849375049{margin-bottom: 30px !important;}&#8221;]\u015eirketimiz 2007 y\u0131l\u0131nda Konya&#8217;da kuruldu. Kuruldu\u011fu y\u0131ldan bu yana sigorta arac\u0131l\u0131k hizmetleri ve ara\u00e7 kiralama faaliyeti y\u00fcr\u00fctmektedir. Yapt\u0131\u011f\u0131m\u0131z her iki i\u015fide tek i\u015fimizi gibi g\u00f6rd\u00fck ve m\u00fc\u015fteri memnuniyeti odakl\u0131 \u00e7al\u0131\u015fma prensbimizden hi\u00e7 vazge\u00e7medik. Alan\u0131n\u0131nda uzman kadromuzla sekt\u00f6rdeki yenilikleri ve geli\u015fmeleri yak\u0131ndan takip ederek m\u00fc\u015fteri memnuniyeti odakl\u0131 \u00e7al\u0131\u015f\u0131yoruz. [&hellip;]<\/p>\n","protected":false},"author":1,"featured_media":0,"parent":0,"menu_order":0,"comment_status":"closed","ping_status":"closed","template":"","meta":[],"_links":{"self":[{"href":"https:\/\/tunagrup.com.tr\/sigorta\/wp-json\/wp\/v2\/pages\/1026"}],"collection":[{"href":"https:\/\/tunagrup.com.tr\/sigorta\/wp-json\/wp\/v2\/pages"}],"about":[{"href":"https:\/\/tunagrup.com.tr\/sigorta\/wp-json\/wp\/v2\/types\/page"}],"author":[{"embeddable":true,"href":"https:\/\/tunagrup.com.tr\/sigorta\/wp-json\/wp\/v2\/users\/1"}],"replies":[{"embeddable":true,"href":"https:\/\/tunagrup.com.tr\/sigorta\/wp-json\/wp\/v2\/comments?post=1026"}],"version-history":[{"count":59,"href":"https:\/\/tunagrup.com.tr\/sigorta\/wp-json\/wp\/v2\/pages\/1026\/revisions"}],"predecessor-version":[{"id":2611,"href":"https:\/\/tunagrup.com.tr\/sigorta\/wp-json\/wp\/v2\/pages\/1026\/revisions\/2611"}],"wp:attachment":[{"href":"https:\/\/tunagrup.com.tr\/sigorta\/wp-json\/wp\/v2\/media?parent=1026"}],"curies":[{"name":"wp","href":"https:\/\/api.w.org\/{rel}","templated":true}]}}