{"id":967,"date":"2019-03-15T07:27:33","date_gmt":"2019-03-15T07:27:33","guid":{"rendered":"http:\/\/localhost\/consultax\/?page_id=967"},"modified":"2021-02-19T12:07:00","modified_gmt":"2021-02-19T09:07:00","slug":"iletisim","status":"publish","type":"page","link":"https:\/\/tunagrup.com.tr\/sigorta\/iletisim\/","title":{"rendered":"\u0130leti\u015fim"},"content":{"rendered":"<p>[vc_row el_class=&#8221;section-padd&#8221; css=&#8221;.vc_custom_1600949222671{background-color: #ffffff !important;}&#8221;][vc_column width=&#8221;1\/2&#8243;][vc_column_text]<\/p>\n<h3>\u0130leti\u015fim Bilgileri<\/h3>\n<p>[\/vc_column_text][vc_column_text el_class=&#8221;contact-info&#8221; css=&#8221;.vc_custom_1613725618686{margin-bottom: 0px !important;}&#8221;]<a href=\"https:\/\/www.google.com\/maps\/dir\/\/K%C3%BC%C3%A7%C3%BCk+%C4%B0hsaniye,+Vatan+Cd.+No:55,+42060+Sel%C3%A7uklu%2FKonya\/@37.8740837,32.4786884,16.83z\/data=!4m8!4m7!1m0!1m5!1m1!1s0x14d085b1990a67a9:0x7c5af2898444d533!2m2!1d32.478385!2d37.873932?hl=tr\"><i class=\"fa fa-home\" style=\"font-size: 15px;\">\u0130hsaniye, Vatan Cd. No:55\/D-E, 42060 Sel\u00e7uklu\/Konya <\/i><\/a>[\/vc_column_text][vc_column_text][\/vc_column_text][vc_column_text el_class=&#8221;contact-info&#8221; css=&#8221;.vc_custom_1600681455961{margin-bottom: 0px !important;}&#8221;]<a href=\"tel:03322375200\"><i class=\"fa fa-phone-square\" style=\"font-size: 15px;\">0 332 237 52 00<\/i><\/a>[\/vc_column_text][vc_column_text][\/vc_column_text][vc_column_text el_class=&#8221;contact-info&#8221; css=&#8221;.vc_custom_1600949037134{margin-bottom: 0px !important;}&#8221;]<a href=\"tel:05362688888\"><i class=\"fa fa-phone-square\" style=\"font-size: 15px;\">0 536 268 88 88<\/i><\/a>[\/vc_column_text][vc_column_text][\/vc_column_text][vc_column_text el_class=&#8221;contact-info&#8221; css=&#8221;.vc_custom_1613725520197{margin-bottom: 0px !important;}&#8221;]<a href=\"mailto:bilgi@tunagrup.com.tr\"><i class=\"fa fa-envelope\" style=\"font-size: 15px;\"> bilgi@tunagrup.com.tr<\/i><\/a>[\/vc_column_text][vc_column_text][\/vc_column_text][vc_column_text el_class=&#8221;socials text-right md-hidden sm-hidden&#8221; css=&#8221;.vc_custom_1600950827788{margin-bottom: 0px !important;}&#8221;]<\/p>\n<div style=\"float: left;\"><a href=\"https:\/\/www.facebook.com\/tunagruptr\/\" target=\"_blank\" rel=\"noopener noreferrer\"><i class=\"fa fa-facebook-official\">fb<\/i><\/a><a href=\"https:\/\/www.instagram.com\/tunagruptr\/\" target=\"_blank\" rel=\"noopener noreferrer\"><i class=\"fa fa-instagram\">inst<\/i><\/a><a href=\"#\" target=\"_blank\" rel=\"noopener noreferrer\"><i class=\"fa fa-twitter\">tw<\/i><\/a><a href=\"#\" target=\"_blank\" rel=\"noopener noreferrer\"><i class=\"fa fa-youtube\">pr<\/i><\/a><\/div>\n<p>[\/vc_column_text][\/vc_column][vc_column width=&#8221;1\/2&#8243;]\n    <div class=\"section-head \">\n                    <h6><span>\u0130LET\u0130\u015e\u0130M FORMU<\/span><\/h6>\n                <h2 class=\"section-title\">Size Nas\u0131l Yard\u0131mc\u0131 Olabiliriz<\/h2>\n            <\/div>\n\n[vc_empty_space height=&#8221;12px&#8221;]<div role=\"form\" class=\"wpcf7\" id=\"wpcf7-f5-o1\" lang=\"tr-TR\" dir=\"ltr\">\n<div class=\"screen-reader-response\"><p role=\"status\" aria-live=\"polite\" aria-atomic=\"true\"><\/p> <ul><\/ul><\/div>\n<form action=\"\/sigorta\/wp-json\/wp\/v2\/pages\/967#wpcf7-f5-o1\" method=\"post\" class=\"wpcf7-form init\" novalidate=\"novalidate\" data-status=\"init\">\n<div style=\"display: none;\">\n<input type=\"hidden\" name=\"_wpcf7\" value=\"5\" \/>\n<input type=\"hidden\" name=\"_wpcf7_version\" value=\"5.3.2\" \/>\n<input type=\"hidden\" name=\"_wpcf7_locale\" value=\"tr_TR\" \/>\n<input type=\"hidden\" name=\"_wpcf7_unit_tag\" value=\"wpcf7-f5-o1\" \/>\n<input type=\"hidden\" name=\"_wpcf7_container_post\" value=\"0\" \/>\n<input type=\"hidden\" name=\"_wpcf7_posted_data_hash\" value=\"\" \/>\n<\/div>\n<p><label> Ad\u0131 Soyad\u0131*<br \/>\n    <span class=\"wpcf7-form-control-wrap your-name\"><input type=\"text\" name=\"your-name\" value=\"\" size=\"40\" class=\"wpcf7-form-control wpcf7-text wpcf7-validates-as-required\" aria-required=\"true\" aria-invalid=\"false\" \/><\/span> <\/label><\/p>\n<p><label> E-posta Adresi*<br \/>\n    <span class=\"wpcf7-form-control-wrap your-email\"><input type=\"email\" name=\"your-email\" value=\"\" size=\"40\" class=\"wpcf7-form-control wpcf7-text wpcf7-email wpcf7-validates-as-required wpcf7-validates-as-email\" aria-required=\"true\" aria-invalid=\"false\" \/><\/span> <\/label><\/p>\n<p><label> Konu<br \/>\n    <span class=\"wpcf7-form-control-wrap your-subject\"><input type=\"text\" name=\"your-subject\" value=\"\" size=\"40\" class=\"wpcf7-form-control wpcf7-text\" aria-invalid=\"false\" \/><\/span> <\/label><\/p>\n<p><label> Mesaj\u0131n\u0131z<br \/>\n    <span class=\"wpcf7-form-control-wrap your-message\"><textarea name=\"your-message\" cols=\"40\" rows=\"10\" class=\"wpcf7-form-control wpcf7-textarea\" aria-invalid=\"false\"><\/textarea><\/span> <\/label><\/p>\n<p><input type=\"submit\" value=\"G\u00f6nder\" class=\"wpcf7-form-control wpcf7-submit btn\"><\/p>\n<div class=\"wpcf7-response-output\" aria-hidden=\"true\"><\/div><\/form><\/div>[vc_empty_space height=&#8221;40px&#8221; el_class=&#8221;lg-hidden&#8221;][\/vc_column][\/vc_row][vc_row css=&#8221;.vc_custom_1600949302015{padding-top: 0px !important;padding-right: 0px !important;padding-bottom: 0px !important;padding-left: 0px !important;background-color: #ffffff !important;}&#8221;][vc_column][vc_gmaps link=&#8221;#E-8_JTNDaWZyYW1lJTIwc3JjJTNEJTIyaHR0cHMlM0ElMkYlMkZ3d3cuZ29vZ2xlLmNvbSUyRm1hcHMlMkZlbWJlZCUzRnBiJTNEJTIxMW0xNCUyMTFtOCUyMTFtMyUyMTFkMzE0OS40MTY4OTc3OTE3NzQ4JTIxMmQzMi40NzgzODUlMjEzZDM3Ljg3MzkzMiUyMTNtMiUyMTFpMTAyNCUyMTJpNzY4JTIxNGYxMy4xJTIxM20zJTIxMW0yJTIxMXMweDE0ZDA4NWIxOTkwYTY3YTklMjUzQTB4N2M1YWYyODk4NDQ0ZDUzMyUyMTJ6UzhPOHc2ZkR2R3NneExCb2MyRnVhWGxsTENCV1lYUmhiaUJEWkM0Z1RtODZOVFVzSURReU1EWXdJRk5sYk1PbmRXdHNkUzlMYjI1NVlRJTIxNWUwJTIxM20yJTIxMXN0ciUyMTJzdHIlMjE0djE2MDA1MTc4OTQwNjElMjE1bTIlMjExc3RyJTIxMnN0ciUyMiUyMHdpZHRoJTNEJTIyNjAwJTIyJTIwaGVpZ2h0JTNEJTIyNDUwJTIyJTIwZnJhbWVib3JkZXIlM0QlMjIwJTIyJTIwc3R5bGUlM0QlMjJib3JkZXIlM0EwJTNCJTIyJTIwYWxsb3dmdWxsc2NyZWVuJTNEJTIyJTIyJTIwYXJpYS1oaWRkZW4lM0QlMjJmYWxzZSUyMiUyMHRhYmluZGV4JTNEJTIyMCUyMiUzRSUzQyUyRmlmcmFtZSUzRQ==&#8221;][\/vc_column][\/vc_row][vc_row][vc_column][\/vc_column][\/vc_row]<\/p>\n","protected":false},"excerpt":{"rendered":"<p>[vc_row el_class=&#8221;section-padd&#8221; css=&#8221;.vc_custom_1600949222671{background-color: #ffffff !important;}&#8221;][vc_column width=&#8221;1\/2&#8243;][vc_column_text] \u0130leti\u015fim Bilgileri [\/vc_column_text][vc_column_text el_class=&#8221;contact-info&#8221; css=&#8221;.vc_custom_1613725618686{margin-bottom: 0px !important;}&#8221;]\u0130hsaniye, Vatan Cd. No:55\/D-E, 42060 Sel\u00e7uklu\/Konya [\/vc_column_text][vc_column_text][\/vc_column_text][vc_column_text el_class=&#8221;contact-info&#8221; css=&#8221;.vc_custom_1600681455961{margin-bottom: 0px !important;}&#8221;]0 332 237 52 00[\/vc_column_text][vc_column_text][\/vc_column_text][vc_column_text el_class=&#8221;contact-info&#8221; css=&#8221;.vc_custom_1600949037134{margin-bottom: 0px !important;}&#8221;]0 536 268 88 88[\/vc_column_text][vc_column_text][\/vc_column_text][vc_column_text el_class=&#8221;contact-info&#8221; css=&#8221;.vc_custom_1613725520197{margin-bottom: 0px !important;}&#8221;] bilgi@tunagrup.com.tr[\/vc_column_text][vc_column_text][\/vc_column_text][vc_column_text el_class=&#8221;socials text-right md-hidden sm-hidden&#8221; css=&#8221;.vc_custom_1600950827788{margin-bottom: 0px !important;}&#8221;] fbinsttwpr [\/vc_column_text][\/vc_column][vc_column width=&#8221;1\/2&#8243;][vc_empty_space height=&#8221;12px&#8221;][vc_empty_space height=&#8221;40px&#8221; el_class=&#8221;lg-hidden&#8221;][\/vc_column][\/vc_row][vc_row css=&#8221;.vc_custom_1600949302015{padding-top: 0px [&hellip;]<\/p>\n","protected":false},"author":1,"featured_media":0,"parent":0,"menu_order":0,"comment_status":"closed","ping_status":"closed","template":"","meta":[],"_links":{"self":[{"href":"https:\/\/tunagrup.com.tr\/sigorta\/wp-json\/wp\/v2\/pages\/967"}],"collection":[{"href":"https:\/\/tunagrup.com.tr\/sigorta\/wp-json\/wp\/v2\/pages"}],"about":[{"href":"https:\/\/tunagrup.com.tr\/sigorta\/wp-json\/wp\/v2\/types\/page"}],"author":[{"embeddable":true,"href":"https:\/\/tunagrup.com.tr\/sigorta\/wp-json\/wp\/v2\/users\/1"}],"replies":[{"embeddable":true,"href":"https:\/\/tunagrup.com.tr\/sigorta\/wp-json\/wp\/v2\/comments?post=967"}],"version-history":[{"count":64,"href":"https:\/\/tunagrup.com.tr\/sigorta\/wp-json\/wp\/v2\/pages\/967\/revisions"}],"predecessor-version":[{"id":2566,"href":"https:\/\/tunagrup.com.tr\/sigorta\/wp-json\/wp\/v2\/pages\/967\/revisions\/2566"}],"wp:attachment":[{"href":"https:\/\/tunagrup.com.tr\/sigorta\/wp-json\/wp\/v2\/media?parent=967"}],"curies":[{"name":"wp","href":"https:\/\/api.w.org\/{rel}","templated":true}]}}